{"id":1732,"date":"2013-09-23T11:55:35","date_gmt":"2013-09-23T11:55:35","guid":{"rendered":"http:\/\/sagapo.org\/tmp\/fr\/?page_id=1732"},"modified":"2017-02-16T12:36:54","modified_gmt":"2017-02-16T12:36:54","slug":"get-involved","status":"publish","type":"page","link":"https:\/\/sagapo.org\/fr\/get-involved\/","title":{"rendered":"Rejoignez-nous"},"content":{"rendered":"<div id=\"pl-1732\"  class=\"panel-layout\" ><div id=\"pg-1732-0\"  class=\"panel-grid panel-has-style\" ><div class=\"siteorigin-panels-stretch panel-row-style panel-row-style-for-1732-0\" data-stretch-type=\"full-stretched\" ><div id=\"pgc-1732-0-0\"  class=\"panel-grid-cell\" ><div id=\"panel-1732-0-0-0\" class=\"so-panel widget widget_sow-image panel-first-child panel-last-child\" data-index=\"0\" ><div\n\t\t\t\n\t\t\tclass=\"so-widget-sow-image so-widget-sow-image-default-dbf295114b96-1732\"\n\t\t\t\n\t\t>\n<div class=\"sow-image-container\">\n\t\t<img \n\tsrc=\"https:\/\/sagapo.org\/wp-content\/uploads\/2013\/09\/hero-involve.jpg\" width=\"1920\" height=\"800\" srcset=\"https:\/\/sagapo.org\/wp-content\/uploads\/2013\/09\/hero-involve.jpg 1920w, https:\/\/sagapo.org\/wp-content\/uploads\/2013\/09\/hero-involve-600x250.jpg 600w, https:\/\/sagapo.org\/wp-content\/uploads\/2013\/09\/hero-involve-900x375.jpg 900w\" sizes=\"(max-width: 1920px) 100vw, 1920px\" alt=\"\" \t\tclass=\"so-widget-image\"\/>\n\t<\/div>\n\n<\/div><\/div><\/div><\/div><\/div><div id=\"pg-1732-1\"  class=\"panel-grid panel-no-style\" ><div id=\"pgc-1732-1-0\"  class=\"panel-grid-cell\" ><div id=\"panel-1732-1-0-0\" class=\"so-panel widget widget_sow-headline panel-first-child\" data-index=\"1\" ><div\n\t\t\t\n\t\t\tclass=\"so-widget-sow-headline so-widget-sow-headline-default-2f109f0dec2d-1732\"\n\t\t\t\n\t\t><div class=\"sow-headline-container \">\n\t\t\t\t\t\t\t<h2 class=\"sow-headline\">\n\t\t\t\t\t\t\u00cates-vous pr\u00eats \u00e0 nous apporter votre soutien?\t\t\t\t\t\t<\/h2>\n\t\t\t\t\t\t\t\t\t\t\t<div class=\"decoration\">\n\t\t\t\t\t\t<div class=\"decoration-inside\"><\/div>\n\t\t\t\t\t<\/div>\n\t\t\t\t\t\t\t\t\t\t\t<h3 class=\"sow-sub-headline\">\n\t\t\t\t\t\tN\u2019h\u00e9sitez pas \u00e0 nous envoyer vos id\u00e9es et suggestions concernant tout projet dans le monde entier que l\u2019on pourrait prendre en consid\u00e9ration.\t\t\t\t\t\t<\/h3>\n\t\t\t\t\t\t<\/div>\n<\/div><\/div><div id=\"panel-1732-1-0-1\" class=\"so-panel widget widget_black-studio-tinymce widget_black_studio_tinymce panel-last-child\" data-index=\"2\" ><div class=\"textwidget\"><p>Que vous souhaitiez offrir \u00e0 la fondation un espace d\u2019exposition pour des \u00e9v\u00e9nements futurs, entreprendre du travail b\u00e9n\u00e9vole, faire un don ou faire d\u2019autres suggestions, vous pouvez communiquer librement avec nous \u00e0 partir de cet espace.<\/p>\n<p>Le Conseil d\u2019Administration de la Fondation \u00ab Sagapo \u00bb est pr\u00eat \u00e0 discuter de tout projet appropri\u00e9 et \u00e0 agir pour aider o\u00f9 cela est possible. Merci de partager vos pens\u00e9es et vos id\u00e9es avec nous.<\/p>\n<\/div><\/div><\/div><\/div><div id=\"pg-1732-2\"  class=\"panel-grid panel-no-style\" ><div id=\"pgc-1732-2-0\"  class=\"panel-grid-cell\" ><div id=\"panel-1732-2-0-0\" class=\"so-panel widget widget_black-studio-tinymce widget_black_studio_tinymce panel-first-child panel-last-child\" data-index=\"3\" ><div class=\"textwidget\"><p><strong>Merci de votre attention et de votre soutien. Merci pour vos dons<\/strong><br \/>\nLes enfants sont notre avenir et notre espoir. Votre amour et votre soutien n\u2019aident pas seulement \u00e0 sauver et \u00e0 transformer leurs pr\u00e9cieuses vies, mais cela donne \u00e9galement aux enfants, les ressources dont ils ont besoin pour grandir tant physiquement qu\u2019intellectuellement et spirituellement. Merci de votre soutien!<\/p>\n<\/div><\/div><\/div><div id=\"pgc-1732-2-1\"  class=\"panel-grid-cell\" ><div id=\"panel-1732-2-1-0\" class=\"so-panel widget widget_black-studio-tinymce widget_black_studio_tinymce panel-first-child panel-last-child\" data-index=\"4\" ><div class=\"textwidget\"><p><strong>Coordonn\u00e9es bancaires:<\/strong><br \/>\nSAGAPO CHILDREN\u2019S FOUNDATION<\/p>\n<p>SOCIETE GENERALE<br \/>\nSWIFT CODE: SOGECY2N<br \/>\nACCOUNT No. : 067 001 360 070508 010<br \/>\nIBAN No. : CY40012000067001360070508010<\/p>\n<\/div><\/div><\/div><div id=\"pgc-1732-2-2\"  class=\"panel-grid-cell\" ><div id=\"panel-1732-2-2-0\" class=\"so-panel widget widget_black-studio-tinymce widget_black_studio_tinymce panel-first-child panel-last-child\" data-index=\"5\" ><div class=\"textwidget\"><form action=\"https:\/\/www.paypal.com\/cgi-bin\/webscr\" method=\"post\" target=\"_top\"><input type=\"hidden\" name=\"cmd\" value=\"_s-xclick\" \/><br \/>\n<input type=\"hidden\" name=\"hosted_button_id\" value=\"NHHHSEH3TKYGW\" \/><br \/>\n<input type=\"image\" alt=\"PayPal - The safer, easier way to pay online!\" name=\"submit\" src=\"https:\/\/www.paypalobjects.com\/en_US\/i\/btn\/btn_donateCC_LG.gif\" \/><br \/>\n<img loading=\"lazy\" decoding=\"async\" alt=\"\" src=\"https:\/\/www.paypalobjects.com\/en_US\/i\/scr\/pixel.gif\" width=\"1\" height=\"1\" border=\"0\" \/><\/form>\n<\/div><\/div><\/div><\/div><div id=\"pg-1732-3\"  class=\"panel-grid panel-no-style\" ><div id=\"pgc-1732-3-0\"  class=\"panel-grid-cell\" ><div id=\"panel-1732-3-0-0\" class=\"so-panel widget widget_sow-contact-form panel-first-child panel-last-child\" data-index=\"6\" ><div\n\t\t\t\n\t\t\tclass=\"so-widget-sow-contact-form so-widget-sow-contact-form-default-b98247d9569b-1732\"\n\t\t\t\n\t\t>\t<form\n\t\taction=\"\/fr\/wp-json\/wp\/v2\/pages\/1732\"\n\t\tmethod=\"POST\"\n\t\tclass=\"sow-contact-form\"\n\t\tid=\"contact-form-2904\"\n\t>\n\n\t\t\n\t\t\t\t\t<div class=\"sow-form-field sow-form-field-name\">\n\t\t\t\t<label class=\"sow-form-field-label-above\" for=\"sow-contact-form-field-votre-nom-1\">\n\t\t\t\t<strong>\n\t\t\t\t\tVotre nom*\t\t\t\t\t\t\t\t\t<\/strong>\n\t\t\t<\/label>\n\t\t\t\t\t\t\t<div class=\"sow-field-container\">\n\t\t\t\t\t\t\t<input\n\t\t\ttype=\"text\"\n\t\t\tname=\"votre-nom-1\"\n\t\t\tid=\"sow-contact-form-field-votre-nom-1\"\n\t\t\tvalue=\"\"\n\t\t\tclass=\"sow-text-field\"\n\t\t\t\t\t\t\t\t\/>\n\t\t\t\t\t\t<\/div>\n\t\t\t\t\t\t\t<\/div>\n\t\t\t\t\t\t<div class=\"sow-form-field sow-form-field-email\">\n\t\t\t\t<label class=\"sow-form-field-label-above\" for=\"sow-contact-form-field-votre-mail-1\">\n\t\t\t\t<strong>\n\t\t\t\t\tVotre mail*\t\t\t\t\t\t\t\t\t<\/strong>\n\t\t\t<\/label>\n\t\t\t\t\t\t\t<div class=\"sow-field-container\">\n\t\t\t\t\t\t\t<input\n\t\t\ttype=\"email\"\n\t\t\tname=\"votre-mail-1\"\n\t\t\tid=\"sow-contact-form-field-votre-mail-1\"\n\t\t\tvalue=\"\"\n\t\t\tclass=\"sow-text-field\"\t\t\t\t\t\t\t\t\/>\n\t\t\t\t\t\t<\/div>\n\t\t\t\t\t\t\t<\/div>\n\t\t\t\t\t\t<div class=\"sow-form-field sow-form-field-textarea\">\n\t\t\t\t<label class=\"sow-form-field-label-above\" for=\"sow-contact-form-field-votre-message-1\">\n\t\t\t\t<strong>\n\t\t\t\t\tVotre message*\t\t\t\t\t\t\t\t\t<\/strong>\n\t\t\t<\/label>\n\t\t\t\t\t\t\t<div class=\"sow-field-container\">\n\t\t\t\t\t\t\t<textarea\n\t\t\tname=\"votre-message-1\"\n\t\t\tid=\"sow-contact-form-field-votre-message-1\"\n\t\t\trows=\"10\"\n\t\t\t\t\t\t\t\t><\/textarea>\n\t\t\t\t\t\t<\/div>\n\t\t\t\t\t\t\t<\/div>\n\t\t\t\n\t\t\t\t\t<div class=\"sow-recaptcha\"\n\t\t\t\t\t\t\t\t\tdata-config=\"{&quot;sitekey&quot;:&quot;6Lfx0RUUAAAAAN4zf9mbTOxd8AzMbOhP714bgp7L&quot;,&quot;theme&quot;:&quot;light&quot;,&quot;type&quot;:&quot;image&quot;,&quot;size&quot;:&quot;normal&quot;}\"\n\t\t\t\t\t\t\t><\/div>\n\t\t\t\n\t\t<div class=\"sow-submit-wrapper \n\t\tsow-submit-styled\t\t\">\n\n\t\t\t<button\n\t\t\t\ttype=\"submit\"\n\t\t\t\tclass=\"sow-submit\n\t\t\t\t\t\t\t\t\"\n\t\t\t\t\t\t\t>\n\t\t\t\tContact Us\t\t\t<\/button>\n\t\t<\/div>\n\t\t\t\t<input\n\t\t\ttype=\"hidden\"\n\t\t\tname=\"instance_hash-1\"\n\t\t\tvalue=\"29049db7\"\n\t\t\/>\n\n\t\t<input type=\"hidden\" id=\"_wpnonce\" name=\"_wpnonce\" value=\"dc225e0344\" \/><input type=\"hidden\" name=\"_wp_http_referer\" value=\"\/fr\/wp-json\/wp\/v2\/pages\/1732\" \/>\t<\/form>\n\t<\/div><\/div><\/div><div id=\"pgc-1732-3-1\"  class=\"panel-grid-cell\" ><div id=\"panel-1732-3-1-0\" class=\"so-panel widget widget_text panel-first-child\" data-index=\"7\" >\t\t\t<div class=\"textwidget\"><h4><span class=\"glyphicon glyphicon-map-marker\" aria-hidden=\"true\"><\/span> Drakos House<br \/>\n&nbsp;&nbsp;&nbsp;&nbsp;&nbsp;67, Agias Fylaxeos, 3025<br \/>\n&nbsp;&nbsp;&nbsp;&nbsp;&nbsp;Limassol, Cyprus<\/h4>\n<\/div>\n\t\t<\/div><div id=\"panel-1732-3-1-1\" class=\"so-panel widget widget_text\" data-index=\"8\" >\t\t\t<div class=\"textwidget\"><h4><span class=\"glyphicon glyphicon-envelope\" aria-hidden=\"true\"><\/span> P.O.Box 52444<br \/>\n&nbsp;&nbsp;&nbsp;&nbsp;&nbsp;Limassol, Cyprus<\/h4>\n<\/div>\n\t\t<\/div><div id=\"panel-1732-3-1-2\" class=\"so-panel widget widget_text\" data-index=\"9\" >\t\t\t<div class=\"textwidget\"><h4><span class=\"glyphicon glyphicon-earphone\" aria-hidden=\"true\"><\/span> Tel.: +33 678767166<\/h4>\n<h4><span class=\"glyphicon glyphicon-earphone\" aria-hidden=\"true\"><\/span> Tel.: +357 99622262<\/h4><\/div>\n\t\t<\/div><div id=\"panel-1732-3-1-3\" class=\"so-panel widget widget_text panel-last-child\" data-index=\"10\" >\t\t\t<div class=\"textwidget\"><h4><span class=\"glyphicon glyphicon-globe\" aria-hidden=\"true\"><\/span> Email: <a href=\"mailto:info@sagapo.org\">info@sagapo.org<\/a><\/h4><\/div>\n\t\t<\/div><\/div><\/div><\/div>","protected":false},"excerpt":{"rendered":"<p>Que vous souhaitiez offrir \u00e0 la fondation un espace d\u2019exposition pour des \u00e9v\u00e9nements futurs, entreprendre du travail b\u00e9n\u00e9vole, faire un don ou faire d\u2019autres suggestions, vous pouvez communiquer librement avec nous \u00e0 partir de cet espace. Le Conseil d\u2019Administration de la Fondation \u00ab Sagapo \u00bb est pr\u00eat \u00e0 discuter de tout projet appropri\u00e9 et \u00e0 [&hellip;]<\/p>\n","protected":false},"author":1,"featured_media":0,"parent":0,"menu_order":0,"comment_status":"closed","ping_status":"closed","template":"page-full.php","meta":{"footnotes":""},"class_list":["post-1732","page","type-page","status-publish","hentry"],"yoast_head":"<!-- This site is optimized with the Yoast SEO plugin v27.3 - https:\/\/yoast.com\/product\/yoast-seo-wordpress\/ -->\n<title>Rejoignez-nous - Sagapo Children&#039;s Foundation<\/title>\n<meta name=\"robots\" content=\"index, follow, max-snippet:-1, max-image-preview:large, max-video-preview:-1\" \/>\n<link rel=\"canonical\" href=\"https:\/\/sagapo.org\/fr\/get-involved\/\" \/>\n<meta property=\"og:locale\" content=\"fr_FR\" \/>\n<meta property=\"og:type\" content=\"article\" \/>\n<meta property=\"og:title\" content=\"Rejoignez-nous - Sagapo Children&#039;s Foundation\" \/>\n<meta property=\"og:description\" content=\"Que vous souhaitiez offrir \u00e0 la fondation un espace d\u2019exposition pour des \u00e9v\u00e9nements futurs, entreprendre du travail b\u00e9n\u00e9vole, faire un don ou faire d\u2019autres suggestions, vous pouvez communiquer librement avec nous \u00e0 partir de cet espace. Le Conseil d\u2019Administration de la Fondation \u00ab Sagapo \u00bb est pr\u00eat \u00e0 discuter de tout projet appropri\u00e9 et \u00e0 [&hellip;]\" \/>\n<meta property=\"og:url\" content=\"https:\/\/sagapo.org\/fr\/get-involved\/\" \/>\n<meta property=\"og:site_name\" content=\"Sagapo Children&#039;s Foundation\" \/>\n<meta property=\"article:publisher\" content=\"https:\/\/www.facebook.com\/www.sagapo.org\" \/>\n<meta property=\"article:modified_time\" content=\"2017-02-16T12:36:54+00:00\" \/>\n<meta property=\"og:image\" content=\"http:\/\/sagapo.org\/wp-content\/uploads\/2013\/09\/hero-involve.jpg\" \/>\n<meta name=\"twitter:card\" content=\"summary_large_image\" \/>\n<meta name=\"twitter:site\" content=\"@FondaSagapo\" \/>\n<meta name=\"twitter:label1\" content=\"Dur\u00e9e de lecture estim\u00e9e\" \/>\n\t<meta name=\"twitter:data1\" content=\"1 minute\" \/>\n<script type=\"application\/ld+json\" class=\"yoast-schema-graph\">{\"@context\":\"https:\\\/\\\/schema.org\",\"@graph\":[{\"@type\":\"WebPage\",\"@id\":\"https:\\\/\\\/sagapo.org\\\/fr\\\/get-involved\\\/\",\"url\":\"https:\\\/\\\/sagapo.org\\\/fr\\\/get-involved\\\/\",\"name\":\"Rejoignez-nous - Sagapo Children&#039;s Foundation\",\"isPartOf\":{\"@id\":\"https:\\\/\\\/sagapo.org\\\/#website\"},\"primaryImageOfPage\":{\"@id\":\"https:\\\/\\\/sagapo.org\\\/fr\\\/get-involved\\\/#primaryimage\"},\"image\":{\"@id\":\"https:\\\/\\\/sagapo.org\\\/fr\\\/get-involved\\\/#primaryimage\"},\"thumbnailUrl\":\"http:\\\/\\\/sagapo.org\\\/wp-content\\\/uploads\\\/2013\\\/09\\\/hero-involve.jpg\",\"datePublished\":\"2013-09-23T11:55:35+00:00\",\"dateModified\":\"2017-02-16T12:36:54+00:00\",\"breadcrumb\":{\"@id\":\"https:\\\/\\\/sagapo.org\\\/fr\\\/get-involved\\\/#breadcrumb\"},\"inLanguage\":\"fr-FR\",\"potentialAction\":[{\"@type\":\"ReadAction\",\"target\":[\"https:\\\/\\\/sagapo.org\\\/fr\\\/get-involved\\\/\"]}]},{\"@type\":\"ImageObject\",\"inLanguage\":\"fr-FR\",\"@id\":\"https:\\\/\\\/sagapo.org\\\/fr\\\/get-involved\\\/#primaryimage\",\"url\":\"http:\\\/\\\/sagapo.org\\\/wp-content\\\/uploads\\\/2013\\\/09\\\/hero-involve.jpg\",\"contentUrl\":\"http:\\\/\\\/sagapo.org\\\/wp-content\\\/uploads\\\/2013\\\/09\\\/hero-involve.jpg\"},{\"@type\":\"BreadcrumbList\",\"@id\":\"https:\\\/\\\/sagapo.org\\\/fr\\\/get-involved\\\/#breadcrumb\",\"itemListElement\":[{\"@type\":\"ListItem\",\"position\":1,\"name\":\"Home\",\"item\":\"https:\\\/\\\/sagapo.org\\\/fr\\\/home\\\/\"},{\"@type\":\"ListItem\",\"position\":2,\"name\":\"Rejoignez-nous\"}]},{\"@type\":\"WebSite\",\"@id\":\"https:\\\/\\\/sagapo.org\\\/#website\",\"url\":\"https:\\\/\\\/sagapo.org\\\/\",\"name\":\"Sagapo Children&#039;s Foundation\",\"description\":\"Children are our future\",\"publisher\":{\"@id\":\"https:\\\/\\\/sagapo.org\\\/#organization\"},\"potentialAction\":[{\"@type\":\"SearchAction\",\"target\":{\"@type\":\"EntryPoint\",\"urlTemplate\":\"https:\\\/\\\/sagapo.org\\\/?s={search_term_string}\"},\"query-input\":{\"@type\":\"PropertyValueSpecification\",\"valueRequired\":true,\"valueName\":\"search_term_string\"}}],\"inLanguage\":\"fr-FR\"},{\"@type\":\"Organization\",\"@id\":\"https:\\\/\\\/sagapo.org\\\/#organization\",\"name\":\"Sagapo\",\"url\":\"https:\\\/\\\/sagapo.org\\\/\",\"logo\":{\"@type\":\"ImageObject\",\"inLanguage\":\"fr-FR\",\"@id\":\"https:\\\/\\\/sagapo.org\\\/#\\\/schema\\\/logo\\\/image\\\/\",\"url\":\"https:\\\/\\\/sagapo.org\\\/wp-content\\\/uploads\\\/2022\\\/01\\\/logo.png\",\"contentUrl\":\"https:\\\/\\\/sagapo.org\\\/wp-content\\\/uploads\\\/2022\\\/01\\\/logo.png\",\"width\":172,\"height\":150,\"caption\":\"Sagapo\"},\"image\":{\"@id\":\"https:\\\/\\\/sagapo.org\\\/#\\\/schema\\\/logo\\\/image\\\/\"},\"sameAs\":[\"https:\\\/\\\/www.facebook.com\\\/www.sagapo.org\",\"https:\\\/\\\/x.com\\\/FondaSagapo\"]}]}<\/script>\n<!-- \/ Yoast SEO plugin. -->","yoast_head_json":{"title":"Rejoignez-nous - Sagapo Children&#039;s Foundation","robots":{"index":"index","follow":"follow","max-snippet":"max-snippet:-1","max-image-preview":"max-image-preview:large","max-video-preview":"max-video-preview:-1"},"canonical":"https:\/\/sagapo.org\/fr\/get-involved\/","og_locale":"fr_FR","og_type":"article","og_title":"Rejoignez-nous - Sagapo Children&#039;s Foundation","og_description":"Que vous souhaitiez offrir \u00e0 la fondation un espace d\u2019exposition pour des \u00e9v\u00e9nements futurs, entreprendre du travail b\u00e9n\u00e9vole, faire un don ou faire d\u2019autres suggestions, vous pouvez communiquer librement avec nous \u00e0 partir de cet espace. Le Conseil d\u2019Administration de la Fondation \u00ab Sagapo \u00bb est pr\u00eat \u00e0 discuter de tout projet appropri\u00e9 et \u00e0 [&hellip;]","og_url":"https:\/\/sagapo.org\/fr\/get-involved\/","og_site_name":"Sagapo Children&#039;s Foundation","article_publisher":"https:\/\/www.facebook.com\/www.sagapo.org","article_modified_time":"2017-02-16T12:36:54+00:00","og_image":[{"url":"http:\/\/sagapo.org\/wp-content\/uploads\/2013\/09\/hero-involve.jpg","type":"","width":"","height":""}],"twitter_card":"summary_large_image","twitter_site":"@FondaSagapo","twitter_misc":{"Dur\u00e9e de lecture estim\u00e9e":"1 minute"},"schema":{"@context":"https:\/\/schema.org","@graph":[{"@type":"WebPage","@id":"https:\/\/sagapo.org\/fr\/get-involved\/","url":"https:\/\/sagapo.org\/fr\/get-involved\/","name":"Rejoignez-nous - Sagapo Children&#039;s Foundation","isPartOf":{"@id":"https:\/\/sagapo.org\/#website"},"primaryImageOfPage":{"@id":"https:\/\/sagapo.org\/fr\/get-involved\/#primaryimage"},"image":{"@id":"https:\/\/sagapo.org\/fr\/get-involved\/#primaryimage"},"thumbnailUrl":"http:\/\/sagapo.org\/wp-content\/uploads\/2013\/09\/hero-involve.jpg","datePublished":"2013-09-23T11:55:35+00:00","dateModified":"2017-02-16T12:36:54+00:00","breadcrumb":{"@id":"https:\/\/sagapo.org\/fr\/get-involved\/#breadcrumb"},"inLanguage":"fr-FR","potentialAction":[{"@type":"ReadAction","target":["https:\/\/sagapo.org\/fr\/get-involved\/"]}]},{"@type":"ImageObject","inLanguage":"fr-FR","@id":"https:\/\/sagapo.org\/fr\/get-involved\/#primaryimage","url":"http:\/\/sagapo.org\/wp-content\/uploads\/2013\/09\/hero-involve.jpg","contentUrl":"http:\/\/sagapo.org\/wp-content\/uploads\/2013\/09\/hero-involve.jpg"},{"@type":"BreadcrumbList","@id":"https:\/\/sagapo.org\/fr\/get-involved\/#breadcrumb","itemListElement":[{"@type":"ListItem","position":1,"name":"Home","item":"https:\/\/sagapo.org\/fr\/home\/"},{"@type":"ListItem","position":2,"name":"Rejoignez-nous"}]},{"@type":"WebSite","@id":"https:\/\/sagapo.org\/#website","url":"https:\/\/sagapo.org\/","name":"Sagapo Children&#039;s Foundation","description":"Children are our future","publisher":{"@id":"https:\/\/sagapo.org\/#organization"},"potentialAction":[{"@type":"SearchAction","target":{"@type":"EntryPoint","urlTemplate":"https:\/\/sagapo.org\/?s={search_term_string}"},"query-input":{"@type":"PropertyValueSpecification","valueRequired":true,"valueName":"search_term_string"}}],"inLanguage":"fr-FR"},{"@type":"Organization","@id":"https:\/\/sagapo.org\/#organization","name":"Sagapo","url":"https:\/\/sagapo.org\/","logo":{"@type":"ImageObject","inLanguage":"fr-FR","@id":"https:\/\/sagapo.org\/#\/schema\/logo\/image\/","url":"https:\/\/sagapo.org\/wp-content\/uploads\/2022\/01\/logo.png","contentUrl":"https:\/\/sagapo.org\/wp-content\/uploads\/2022\/01\/logo.png","width":172,"height":150,"caption":"Sagapo"},"image":{"@id":"https:\/\/sagapo.org\/#\/schema\/logo\/image\/"},"sameAs":["https:\/\/www.facebook.com\/www.sagapo.org","https:\/\/x.com\/FondaSagapo"]}]}},"_links":{"self":[{"href":"https:\/\/sagapo.org\/fr\/wp-json\/wp\/v2\/pages\/1732","targetHints":{"allow":["GET"]}}],"collection":[{"href":"https:\/\/sagapo.org\/fr\/wp-json\/wp\/v2\/pages"}],"about":[{"href":"https:\/\/sagapo.org\/fr\/wp-json\/wp\/v2\/types\/page"}],"author":[{"embeddable":true,"href":"https:\/\/sagapo.org\/fr\/wp-json\/wp\/v2\/users\/1"}],"replies":[{"embeddable":true,"href":"https:\/\/sagapo.org\/fr\/wp-json\/wp\/v2\/comments?post=1732"}],"version-history":[{"count":0,"href":"https:\/\/sagapo.org\/fr\/wp-json\/wp\/v2\/pages\/1732\/revisions"}],"wp:attachment":[{"href":"https:\/\/sagapo.org\/fr\/wp-json\/wp\/v2\/media?parent=1732"}],"curies":[{"name":"wp","href":"https:\/\/api.w.org\/{rel}","templated":true}]}}